{"id":377,"date":"2022-03-30T12:30:41","date_gmt":"2022-03-30T12:30:41","guid":{"rendered":"https:\/\/dentaireturner.wpengine.com\/about-us\/"},"modified":"2025-07-28T15:35:35","modified_gmt":"2025-07-28T15:35:35","slug":"a-propos","status":"publish","type":"page","link":"https:\/\/dentaireturner.com\/fr\/a-propos\/","title":{"rendered":"\u00c0 propos"},"content":{"rendered":"","protected":false},"excerpt":{"rendered":"","protected":false},"author":2,"featured_media":0,"parent":0,"menu_order":0,"comment_status":"closed","ping_status":"closed","template":"","meta":{"_acf_changed":false,"footnotes":""},"class_list":["post-377","page","type-page","status-publish","hentry"],"acf":[],"yoast_head":"<!-- This site is optimized with the Yoast SEO plugin v26.8 - https:\/\/yoast.com\/product\/yoast-seo-wordpress\/ -->\n<title>\u00c9quipe dentaire prestigieuse \u2013 Clinique \u00e0 Pointe-Claire | Dentaire Turner<\/title>\n<meta name=\"description\" content=\"D\u00e9couvrez notre \u00e9quipe dentaire \u00e0 Pointe-Claire. Soins personnalis\u00e9s et expertise pour l\u2019Ouest-de-l\u2019\u00cele depuis 1974.\" \/>\n<meta name=\"robots\" content=\"index, follow, max-snippet:-1, max-image-preview:large, max-video-preview:-1\" \/>\n<link rel=\"canonical\" href=\"https:\/\/dentaireturner.com\/fr\/a-propos\/\" \/>\n<meta property=\"og:locale\" content=\"fr_FR\" \/>\n<meta property=\"og:type\" content=\"article\" \/>\n<meta property=\"og:title\" content=\"Clinique dentaire prestigieuse - Dentaire Turner\" \/>\n<meta property=\"og:description\" content=\"Nous fournissons aux individus, aux familles et \u00e0 l\u2019ensemble de la collectivit\u00e9 des soins dentaires sup\u00e9rieurs dans un milieu chaleureux et professionnel.\" \/>\n<meta property=\"og:url\" content=\"https:\/\/dentaireturner.com\/fr\/a-propos\/\" \/>\n<meta property=\"og:site_name\" content=\"Dentaire Turner\" \/>\n<meta property=\"article:modified_time\" content=\"2025-07-28T15:35:35+00:00\" \/>\n<meta property=\"og:image\" content=\"https:\/\/dentaireturner.com\/wp-content\/uploads\/2022\/04\/contact-min.png\" \/>\n\t<meta property=\"og:image:width\" content=\"1828\" \/>\n\t<meta property=\"og:image:height\" content=\"1326\" \/>\n\t<meta property=\"og:image:type\" content=\"image\/png\" \/>\n<meta name=\"twitter:card\" content=\"summary_large_image\" \/>\n<meta name=\"twitter:title\" content=\"Clinique dentaire prestigieuse - Dentaire Turner\" \/>\n<meta name=\"twitter:description\" content=\"Nous fournissons aux individus, aux familles et \u00e0 l\u2019ensemble de la collectivit\u00e9 des soins dentaires sup\u00e9rieurs dans un milieu chaleureux et professionnel.\" \/>\n<meta name=\"twitter:image\" content=\"https:\/\/dentaireturner.com\/wp-content\/uploads\/2022\/04\/contact-min.png\" \/>\n<script type=\"application\/ld+json\" class=\"yoast-schema-graph\">{\"@context\":\"https:\/\/schema.org\",\"@graph\":[{\"@type\":\"WebPage\",\"@id\":\"https:\/\/dentaireturner.com\/fr\/a-propos\/\",\"url\":\"https:\/\/dentaireturner.com\/fr\/a-propos\/\",\"name\":\"\u00c9quipe dentaire prestigieuse \u2013 Clinique \u00e0 Pointe-Claire | Dentaire Turner\",\"isPartOf\":{\"@id\":\"https:\/\/dentaireturner.com\/fr\/#website\"},\"datePublished\":\"2022-03-30T12:30:41+00:00\",\"dateModified\":\"2025-07-28T15:35:35+00:00\",\"description\":\"D\u00e9couvrez notre \u00e9quipe dentaire \u00e0 Pointe-Claire. Soins personnalis\u00e9s et expertise pour l\u2019Ouest-de-l\u2019\u00cele depuis 1974.\",\"breadcrumb\":{\"@id\":\"https:\/\/dentaireturner.com\/fr\/a-propos\/#breadcrumb\"},\"inLanguage\":\"fr-FR\",\"potentialAction\":[{\"@type\":\"ReadAction\",\"target\":[\"https:\/\/dentaireturner.com\/fr\/a-propos\/\"]}]},{\"@type\":\"BreadcrumbList\",\"@id\":\"https:\/\/dentaireturner.com\/fr\/a-propos\/#breadcrumb\",\"itemListElement\":[{\"@type\":\"ListItem\",\"position\":1,\"name\":\"Home\",\"item\":\"https:\/\/dentaireturner.com\/fr\/\"},{\"@type\":\"ListItem\",\"position\":2,\"name\":\"\u00c0 propos\"}]},{\"@type\":\"WebSite\",\"@id\":\"https:\/\/dentaireturner.com\/fr\/#website\",\"url\":\"https:\/\/dentaireturner.com\/fr\/\",\"name\":\"Dentaire Turner\",\"description\":\"Dentaire Turner | Soins dentaires et des patients exceptionnels\",\"publisher\":{\"@id\":\"https:\/\/dentaireturner.com\/fr\/#organization\"},\"potentialAction\":[{\"@type\":\"SearchAction\",\"target\":{\"@type\":\"EntryPoint\",\"urlTemplate\":\"https:\/\/dentaireturner.com\/fr\/?s={search_term_string}\"},\"query-input\":{\"@type\":\"PropertyValueSpecification\",\"valueRequired\":true,\"valueName\":\"search_term_string\"}}],\"inLanguage\":\"fr-FR\"},{\"@type\":\"Organization\",\"@id\":\"https:\/\/dentaireturner.com\/fr\/#organization\",\"name\":\"Dentaire Turner\",\"url\":\"https:\/\/dentaireturner.com\/fr\/\",\"logo\":{\"@type\":\"ImageObject\",\"inLanguage\":\"fr-FR\",\"@id\":\"https:\/\/dentaireturner.com\/fr\/#\/schema\/logo\/image\/\",\"url\":\"https:\/\/dentaireturner.com\/wp-content\/uploads\/2022\/04\/logo-light-1.svg\",\"contentUrl\":\"https:\/\/dentaireturner.com\/wp-content\/uploads\/2022\/04\/logo-light-1.svg\",\"width\":1,\"height\":1,\"caption\":\"Dentaire Turner\"},\"image\":{\"@id\":\"https:\/\/dentaireturner.com\/fr\/#\/schema\/logo\/image\/\"}}]}<\/script>\n<!-- \/ Yoast SEO plugin. -->","yoast_head_json":{"title":"\u00c9quipe dentaire prestigieuse \u2013 Clinique \u00e0 Pointe-Claire | Dentaire Turner","description":"D\u00e9couvrez notre \u00e9quipe dentaire \u00e0 Pointe-Claire. Soins personnalis\u00e9s et expertise pour l\u2019Ouest-de-l\u2019\u00cele depuis 1974.","robots":{"index":"index","follow":"follow","max-snippet":"max-snippet:-1","max-image-preview":"max-image-preview:large","max-video-preview":"max-video-preview:-1"},"canonical":"https:\/\/dentaireturner.com\/fr\/a-propos\/","og_locale":"fr_FR","og_type":"article","og_title":"Clinique dentaire prestigieuse - Dentaire Turner","og_description":"Nous fournissons aux individus, aux familles et \u00e0 l\u2019ensemble de la collectivit\u00e9 des soins dentaires sup\u00e9rieurs dans un milieu chaleureux et professionnel.","og_url":"https:\/\/dentaireturner.com\/fr\/a-propos\/","og_site_name":"Dentaire Turner","article_modified_time":"2025-07-28T15:35:35+00:00","og_image":[{"width":1828,"height":1326,"url":"https:\/\/dentaireturner.com\/wp-content\/uploads\/2022\/04\/contact-min.png","type":"image\/png"}],"twitter_card":"summary_large_image","twitter_title":"Clinique dentaire prestigieuse - Dentaire Turner","twitter_description":"Nous fournissons aux individus, aux familles et \u00e0 l\u2019ensemble de la collectivit\u00e9 des soins dentaires sup\u00e9rieurs dans un milieu chaleureux et professionnel.","twitter_image":"https:\/\/dentaireturner.com\/wp-content\/uploads\/2022\/04\/contact-min.png","schema":{"@context":"https:\/\/schema.org","@graph":[{"@type":"WebPage","@id":"https:\/\/dentaireturner.com\/fr\/a-propos\/","url":"https:\/\/dentaireturner.com\/fr\/a-propos\/","name":"\u00c9quipe dentaire prestigieuse \u2013 Clinique \u00e0 Pointe-Claire | Dentaire Turner","isPartOf":{"@id":"https:\/\/dentaireturner.com\/fr\/#website"},"datePublished":"2022-03-30T12:30:41+00:00","dateModified":"2025-07-28T15:35:35+00:00","description":"D\u00e9couvrez notre \u00e9quipe dentaire \u00e0 Pointe-Claire. Soins personnalis\u00e9s et expertise pour l\u2019Ouest-de-l\u2019\u00cele depuis 1974.","breadcrumb":{"@id":"https:\/\/dentaireturner.com\/fr\/a-propos\/#breadcrumb"},"inLanguage":"fr-FR","potentialAction":[{"@type":"ReadAction","target":["https:\/\/dentaireturner.com\/fr\/a-propos\/"]}]},{"@type":"BreadcrumbList","@id":"https:\/\/dentaireturner.com\/fr\/a-propos\/#breadcrumb","itemListElement":[{"@type":"ListItem","position":1,"name":"Home","item":"https:\/\/dentaireturner.com\/fr\/"},{"@type":"ListItem","position":2,"name":"\u00c0 propos"}]},{"@type":"WebSite","@id":"https:\/\/dentaireturner.com\/fr\/#website","url":"https:\/\/dentaireturner.com\/fr\/","name":"Dentaire Turner","description":"Dentaire Turner | Soins dentaires et des patients exceptionnels","publisher":{"@id":"https:\/\/dentaireturner.com\/fr\/#organization"},"potentialAction":[{"@type":"SearchAction","target":{"@type":"EntryPoint","urlTemplate":"https:\/\/dentaireturner.com\/fr\/?s={search_term_string}"},"query-input":{"@type":"PropertyValueSpecification","valueRequired":true,"valueName":"search_term_string"}}],"inLanguage":"fr-FR"},{"@type":"Organization","@id":"https:\/\/dentaireturner.com\/fr\/#organization","name":"Dentaire Turner","url":"https:\/\/dentaireturner.com\/fr\/","logo":{"@type":"ImageObject","inLanguage":"fr-FR","@id":"https:\/\/dentaireturner.com\/fr\/#\/schema\/logo\/image\/","url":"https:\/\/dentaireturner.com\/wp-content\/uploads\/2022\/04\/logo-light-1.svg","contentUrl":"https:\/\/dentaireturner.com\/wp-content\/uploads\/2022\/04\/logo-light-1.svg","width":1,"height":1,"caption":"Dentaire Turner"},"image":{"@id":"https:\/\/dentaireturner.com\/fr\/#\/schema\/logo\/image\/"}}]}},"_links":{"self":[{"href":"https:\/\/dentaireturner.com\/fr\/wp-json\/wp\/v2\/pages\/377","targetHints":{"allow":["GET"]}}],"collection":[{"href":"https:\/\/dentaireturner.com\/fr\/wp-json\/wp\/v2\/pages"}],"about":[{"href":"https:\/\/dentaireturner.com\/fr\/wp-json\/wp\/v2\/types\/page"}],"author":[{"embeddable":true,"href":"https:\/\/dentaireturner.com\/fr\/wp-json\/wp\/v2\/users\/2"}],"replies":[{"embeddable":true,"href":"https:\/\/dentaireturner.com\/fr\/wp-json\/wp\/v2\/comments?post=377"}],"version-history":[{"count":0,"href":"https:\/\/dentaireturner.com\/fr\/wp-json\/wp\/v2\/pages\/377\/revisions"}],"wp:attachment":[{"href":"https:\/\/dentaireturner.com\/fr\/wp-json\/wp\/v2\/media?parent=377"}],"curies":[{"name":"wp","href":"https:\/\/api.w.org\/{rel}","templated":true}]}}